{"id":2449,"date":"2025-03-11T09:11:40","date_gmt":"2025-03-11T08:11:40","guid":{"rendered":"https:\/\/brightboard.eu\/?post_type=product&#038;p=2449"},"modified":"2025-03-24T15:32:15","modified_gmt":"2025-03-24T14:32:15","slug":"outdoor-led-paal","status":"publish","type":"product","link":"https:\/\/brightboard.eu\/fr\/product\/outdoor-led-paal\/","title":{"rendered":"\u00c9cran LED ext\u00e9rieur sur m\u00e2t"},"featured_media":3423,"template":"","meta":{"_acf_changed":false},"tags":[57,60,64,50,51],"aankoopsoort":[11,12],"categorie-type":[79],"doelstelling":[43],"lichtbron":[16],"producttype":[19],"class_list":["post-2449","product","type-product","status-publish","has-post-thumbnail","hentry","tag-led","tag-outdoor","tag-outdoor-signage-led","tag-retail","tag-te-koop","aankoopsoort-verkoop","aankoopsoort-lease","categorie-type-outdoor-signage-led","doelstelling-retail","lichtbron-led","producttype-outdoor"],"acf":[],"_links":{"self":[{"href":"https:\/\/brightboard.eu\/fr\/wp-json\/wp\/v2\/product\/2449","targetHints":{"allow":["GET"]}}],"collection":[{"href":"https:\/\/brightboard.eu\/fr\/wp-json\/wp\/v2\/product"}],"about":[{"href":"https:\/\/brightboard.eu\/fr\/wp-json\/wp\/v2\/types\/product"}],"wp:featuredmedia":[{"embeddable":true,"href":"https:\/\/brightboard.eu\/fr\/wp-json\/wp\/v2\/media\/3423"}],"wp:attachment":[{"href":"https:\/\/brightboard.eu\/fr\/wp-json\/wp\/v2\/media?parent=2449"}],"wp:term":[{"taxonomy":"post_tag","embeddable":true,"href":"https:\/\/brightboard.eu\/fr\/wp-json\/wp\/v2\/tags?post=2449"},{"taxonomy":"aankoopsoort","embeddable":true,"href":"https:\/\/brightboard.eu\/fr\/wp-json\/wp\/v2\/aankoopsoort?post=2449"},{"taxonomy":"categorie-type","embeddable":true,"href":"https:\/\/brightboard.eu\/fr\/wp-json\/wp\/v2\/categorie-type?post=2449"},{"taxonomy":"doelstelling","embeddable":true,"href":"https:\/\/brightboard.eu\/fr\/wp-json\/wp\/v2\/doelstelling?post=2449"},{"taxonomy":"lichtbron","embeddable":true,"href":"https:\/\/brightboard.eu\/fr\/wp-json\/wp\/v2\/lichtbron?post=2449"},{"taxonomy":"producttype","embeddable":true,"href":"https:\/\/brightboard.eu\/fr\/wp-json\/wp\/v2\/producttype?post=2449"}],"curies":[{"name":"wp","href":"https:\/\/api.w.org\/{rel}","templated":true}]}}